{"id":35,"date":"2024-03-29T23:46:29","date_gmt":"2024-03-29T22:46:29","guid":{"rendered":"https:\/\/museogotadeagua.com\/?page_id=35"},"modified":"2025-09-02T23:57:02","modified_gmt":"2025-09-03T05:57:02","slug":"driectorio","status":"publish","type":"page","link":"https:\/\/museogotadeagua.com\/index.php\/driectorio\/","title":{"rendered":"Directorio"},"content":{"rendered":"<div class=\"wp-block-image is-style-default\">\n<figure class=\"alignleft size-full is-resized\"><img fetchpriority=\"high\" decoding=\"async\" width=\"512\" height=\"384\" src=\"https:\/\/museogotadeagua.com\/wp-content\/uploads\/2025\/04\/unnamed.jpg-1.webp\" alt=\"\" class=\"wp-image-309\" style=\"width:371px;height:auto\" srcset=\"https:\/\/museogotadeagua.com\/wp-content\/uploads\/2025\/04\/unnamed.jpg-1.webp 512w, https:\/\/museogotadeagua.com\/wp-content\/uploads\/2025\/04\/unnamed.jpg-1-300x225.webp 300w\" sizes=\"(max-width: 512px) 100vw, 512px\" \/><\/figure><\/div>\n\n\n<p class=\"has-text-align-center\" style=\"font-size:30px\"><strong>Dr. Juan Jos\u00e9 Santib\u00e1\u00f1ez Santiago<\/strong><\/p>\n\n\n\n<hr class=\"wp-block-separator has-alpha-channel-opacity\"\/>\n\n\n\n<p class=\"has-text-align-left\" style=\"font-size:14px\">Profesor titular del \u00c1rea de Estudios Rurales y Urbanos del Departamento de Sociolog\u00eda de la UAM Iztapalapa. Egresado de la Escuela de Antropolog\u00eda e Historia. Doctorado en el COLMEX. Sus l\u00edneas de investigaci\u00f3n han sido enfocadas al ajuste estructural y reorganizaci\u00f3n de la agricultura regional y la integraci\u00f3n en la producci\u00f3n lechera de Valles de Oaxaca y a los sistemas de captaci\u00f3n de agua de lluvia en las escuelas p\u00fablicas, entre otros temas. Ha impartido clases en importantes universidades a nivel nacional e internacional. Promotor del Museo Gota de Agua.<\/p>\n\n\n\n<div style=\"height:60px\" aria-hidden=\"true\" class=\"wp-block-spacer\"><\/div>\n\n\n<div class=\"wp-block-image is-style-default\">\n<figure class=\"alignright size-full is-resized\"><img decoding=\"async\" width=\"1024\" height=\"1536\" src=\"https:\/\/museogotadeagua.com\/wp-content\/uploads\/2025\/09\/ChatGPT-Image-2-de-sep.-de-2025-23_46_14-1.png\" alt=\"\" class=\"wp-image-404\" style=\"width:258px;height:auto\" srcset=\"https:\/\/museogotadeagua.com\/wp-content\/uploads\/2025\/09\/ChatGPT-Image-2-de-sep.-de-2025-23_46_14-1.png 1024w, https:\/\/museogotadeagua.com\/wp-content\/uploads\/2025\/09\/ChatGPT-Image-2-de-sep.-de-2025-23_46_14-1-200x300.png 200w, https:\/\/museogotadeagua.com\/wp-content\/uploads\/2025\/09\/ChatGPT-Image-2-de-sep.-de-2025-23_46_14-1-683x1024.png 683w, https:\/\/museogotadeagua.com\/wp-content\/uploads\/2025\/09\/ChatGPT-Image-2-de-sep.-de-2025-23_46_14-1-768x1152.png 768w\" sizes=\"(max-width: 1024px) 100vw, 1024px\" \/><\/figure><\/div>\n\n\n<p class=\"has-text-align-left\" style=\"font-size:30px\"><strong>Dr. Javier Vel\u00e1zquez Moctezuma<\/strong><\/p>\n\n\n\n<hr class=\"wp-block-separator has-alpha-channel-opacity\"\/>\n\n\n\n<p class=\"has-text-align-left\" style=\"font-size:14px\">Profesor Distinguido de la UAM. Adscrito al \u00c1rea de Neurociencias de la UAM Iztapalapa. M\u00e9dico de profesi\u00f3n por la UNAM. Maestr\u00eda por la Facultad de Psicolog\u00eda y de doctorado por CIRA, CINVESTAV-UAT. Fue Rector de la Unidad Iztapalapa de esta Instituci\u00f3n. Director y Fundador de la Cl\u00ednica de Trastornos de Sue\u00f1o de la UAM-I. Fundador e impulsor de la Feria de Ciencias y la Oficina de Divulgaci\u00f3n de la Ciencia y las Humanidades de la misma Unidad. Divulgador de la Ciencia. Miembro del Sistema Nacional de Investigadores, nivel III. Sus l\u00edneas de investigaci\u00f3n est\u00e1n relacionadas con el sue\u00f1o en humanos y en modelos animales, el sistema inmunol\u00f3gico y los estudios conductuales en modelos animales, entre otros. Promotor del Museo Gota de Agua.<\/p>\n\n\n\n<div style=\"height:100px\" aria-hidden=\"true\" class=\"wp-block-spacer\"><\/div>\n\n\n<div class=\"wp-block-image is-style-default\">\n<figure class=\"alignleft size-full is-resized\"><img decoding=\"async\" width=\"334\" height=\"400\" src=\"https:\/\/museogotadeagua.com\/wp-content\/uploads\/2025\/04\/dr_oscar_armando_monroy_hermosillo.webp\" alt=\"\" class=\"wp-image-313\" style=\"width:272px;height:auto\" srcset=\"https:\/\/museogotadeagua.com\/wp-content\/uploads\/2025\/04\/dr_oscar_armando_monroy_hermosillo.webp 334w, https:\/\/museogotadeagua.com\/wp-content\/uploads\/2025\/04\/dr_oscar_armando_monroy_hermosillo-251x300.webp 251w\" sizes=\"(max-width: 334px) 100vw, 334px\" \/><\/figure><\/div>\n\n\n<p style=\"font-size:30px\"><strong>Dr. Oscar Monroy Hermosillo<\/strong><\/p>\n\n\n\n<hr class=\"wp-block-separator has-alpha-channel-opacity\"\/>\n\n\n\n<p style=\"font-size:14px\">Profesor Distinguido de la UAM del Departamento de Biotecnolog\u00eda de la UAM-I. Ingeniero Qu\u00edmico por la Facultad de Qu\u00edmica de la UNAM. Maestr\u00eda en la Universidad de Strathclyde, Escocia, UK. Doctorado por la Facultad de Qu\u00edmica de la UNAM. Miembro del Sistema Nacional de Investigadores, nivel III. Fue Rector de la UAM Iztapalapa. Es Presidente de la Comisi\u00f3n de Cuenca de los R\u00edos Amecameca y La Compa\u00f1\u00eda. Sus l\u00edneas de investigaci\u00f3n est\u00e1n orientadas al manejo de basura y al tratamiento de aguas residuales, entre otros temas. Promotor del Museo Gota de Agua.<\/p>\n\n\n\n<div style=\"height:100px\" aria-hidden=\"true\" class=\"wp-block-spacer\"><\/div>\n\n\n<div class=\"wp-block-image is-style-default\">\n<figure class=\"alignright size-full is-resized\"><img loading=\"lazy\" decoding=\"async\" width=\"333\" height=\"500\" src=\"https:\/\/museogotadeagua.com\/wp-content\/uploads\/2025\/04\/027n1eco-1.jpg\" alt=\"\" class=\"wp-image-312\" style=\"width:247px;height:auto\" srcset=\"https:\/\/museogotadeagua.com\/wp-content\/uploads\/2025\/04\/027n1eco-1.jpg 333w, https:\/\/museogotadeagua.com\/wp-content\/uploads\/2025\/04\/027n1eco-1-200x300.jpg 200w\" sizes=\"(max-width: 333px) 100vw, 333px\" \/><\/figure><\/div>\n\n\n<p style=\"font-size:30px\"><strong>Dr. Oscar Rossbach Vaca<\/strong><\/p>\n\n\n\n<hr class=\"wp-block-separator has-alpha-channel-opacity\"\/>\n\n\n\n<p style=\"font-size:14px\">Empresario e impulsor de compa\u00f1\u00edas de base tecnol\u00f3gica. Presidente de Industrias Rossbach. Su licenciatura la realiz\u00f3 en la Universidad Lasalle. Tambi\u00e9n es egresado de la Universidad de Poitiers de Tours, Par\u00eds, Francia. Ha sido Presidente de la Asociaci\u00f3n de Empresarios de Iztapalapa; Presidente de su patronato. Asesor de la Presidencia Nacional de la C\u00e1mara Nacional de la Industria de la Transformaci\u00f3n y representante de la misma ante el Gobierno del Distrito Federal, Presidente del sector de la industria m\u00e9dica de CANACINTRA, miembro de la Junta de Gobierno del Instituto de Ciencia y Tecnolog\u00eda del Distrito Federal, entre otros cargos. Actualmente es miembro del Patronato de la UAM. Promotor del Museo Gota de Agua.<\/p>\n","protected":false},"excerpt":{"rendered":"<p>Dr. Juan Jos\u00e9 Santib\u00e1\u00f1ez Santiago Profesor titular del \u00c1rea de Estudios Rurales y Urbanos del Departamento de Sociolog\u00eda de la UAM Iztapalapa. Egresado de la Escuela de Antropolog\u00eda e Historia. Doctorado en el COLMEX. Sus l\u00edneas de investigaci\u00f3n han sido enfocadas al ajuste estructural y reorganizaci\u00f3n de la agricultura regional y la integraci\u00f3n en la&hellip;<\/p>\n<p class=\"more-link\"><a href=\"https:\/\/museogotadeagua.com\/index.php\/driectorio\/\" class=\"themebutton2\">Leer m\u00e1s<\/a><\/p>\n","protected":false},"author":1,"featured_media":307,"parent":0,"menu_order":0,"comment_status":"closed","ping_status":"closed","template":"","meta":{"footnotes":"[]"},"class_list":["post-35","page","type-page","status-publish","has-post-thumbnail","hentry"],"_links":{"self":[{"href":"https:\/\/museogotadeagua.com\/index.php\/wp-json\/wp\/v2\/pages\/35","targetHints":{"allow":["GET"]}}],"collection":[{"href":"https:\/\/museogotadeagua.com\/index.php\/wp-json\/wp\/v2\/pages"}],"about":[{"href":"https:\/\/museogotadeagua.com\/index.php\/wp-json\/wp\/v2\/types\/page"}],"author":[{"embeddable":true,"href":"https:\/\/museogotadeagua.com\/index.php\/wp-json\/wp\/v2\/users\/1"}],"replies":[{"embeddable":true,"href":"https:\/\/museogotadeagua.com\/index.php\/wp-json\/wp\/v2\/comments?post=35"}],"version-history":[{"count":23,"href":"https:\/\/museogotadeagua.com\/index.php\/wp-json\/wp\/v2\/pages\/35\/revisions"}],"predecessor-version":[{"id":406,"href":"https:\/\/museogotadeagua.com\/index.php\/wp-json\/wp\/v2\/pages\/35\/revisions\/406"}],"wp:featuredmedia":[{"embeddable":true,"href":"https:\/\/museogotadeagua.com\/index.php\/wp-json\/wp\/v2\/media\/307"}],"wp:attachment":[{"href":"https:\/\/museogotadeagua.com\/index.php\/wp-json\/wp\/v2\/media?parent=35"}],"curies":[{"name":"wp","href":"https:\/\/api.w.org\/{rel}","templated":true}]}}